{"id":8680,"date":"2021-07-22T09:25:55","date_gmt":"2021-07-22T09:25:55","guid":{"rendered":"https:\/\/marcoortelli.it\/cultura-tutela-rischi\/"},"modified":"2026-03-26T09:01:42","modified_gmt":"2026-03-26T09:01:42","slug":"risk-management-culture","status":"publish","type":"page","link":"https:\/\/marcoortelli.it\/en\/risk-management-culture\/","title":{"rendered":"Risk Management Culture"},"content":{"rendered":"\t\t<div data-elementor-type=\"wp-page\" data-elementor-id=\"8680\" class=\"elementor elementor-8680 elementor-5222\">\n\t\t\t\t\r\n        <section class=\"elementor-section elementor-top-section elementor-element elementor-element-dfd9d80 elementor-section-boxed elementor-section-height-default elementor-section-height-default ct-header-fixed-none ct-row-max-none\" data-id=\"dfd9d80\" data-element_type=\"section\" data-e-type=\"section\">\n            \n                        <div class=\"elementor-container elementor-column-gap-default \">\n                    <div class=\"elementor-column elementor-col-100 elementor-top-column elementor-element elementor-element-0544bbd\" data-id=\"0544bbd\" data-element_type=\"column\" data-e-type=\"column\">\n        <div class=\"elementor-widget-wrap elementor-element-populated\">\n                    \n        \t\t<div class=\"elementor-element elementor-element-b3bdbed elementor-widget elementor-widget-text-editor\" data-id=\"b3bdbed\" data-element_type=\"widget\" data-e-type=\"widget\" data-widget_type=\"text-editor.default\">\n\t\t\t\t<div class=\"elementor-widget-container\">\n\t\t\t\t\t\t\t\t\t<p>Cultura Tutela Rischi is <strong>a way of thinking and living;<\/strong> it is a philosophy for us at Marco Ortelli Srl, one that we would like to share with as many people as possible. And now it is also the name of a <strong>video collection project,<\/strong> in which safety and protection are discussed in a very natural way. It is certainly a project in its infancy, but getting started is always the best way to move forward.<\/p>\t\t\t\t\t\t\t\t<\/div>\n\t\t\t\t<\/div>\n\t\t\t\t<div class=\"elementor-element elementor-element-98a67db elementor-widget-divider--view-line_icon elementor-view-default elementor-widget-divider--element-align-center elementor-widget elementor-widget-divider\" data-id=\"98a67db\" data-element_type=\"widget\" data-e-type=\"widget\" data-widget_type=\"divider.default\">\n\t\t\t\t<div class=\"elementor-widget-container\">\n\t\t\t\t\t\t\t<div class=\"elementor-divider\">\n\t\t\t<span class=\"elementor-divider-separator\">\n\t\t\t\t\t\t\t<div class=\"elementor-icon elementor-divider__element\">\n\t\t\t\t\t<i aria-hidden=\"true\" class=\"material zmdi zmdi-assignment-check\"><\/i><\/div>\n\t\t\t\t\t\t<\/span>\n\t\t<\/div>\n\t\t\t\t\t\t<\/div>\n\t\t\t\t<\/div>\n\t\t            <\/div>\n        <\/div>\n                    <\/div>\n        <\/section>\n                <section class=\"elementor-section elementor-top-section elementor-element elementor-element-f952dbd elementor-section-boxed elementor-section-height-default elementor-section-height-default ct-header-fixed-none ct-row-max-none\" data-id=\"f952dbd\" data-element_type=\"section\" data-e-type=\"section\">\n            \n                        <div class=\"elementor-container elementor-column-gap-default \">\n                    <div class=\"elementor-column elementor-col-50 elementor-top-column elementor-element elementor-element-906ce47 elementor-invisible\" data-id=\"906ce47\" data-element_type=\"column\" data-e-type=\"column\" data-settings=\"{&quot;animation&quot;:&quot;rotateInDownRight&quot;}\">\n        <div class=\"elementor-widget-wrap elementor-element-populated\">\n                    \n        \t\t<div class=\"elementor-element elementor-element-e2a6100 elementor-widget elementor-widget-ct_heading\" data-id=\"e2a6100\" data-element_type=\"widget\" data-e-type=\"widget\" data-widget_type=\"ct_heading.default\">\n\t\t\t\t<div class=\"elementor-widget-container\">\n\t\t\t\t\t<div id=\"ct_heading-e2a6100\" class=\"ct-heading h-align-center sub-style1 ct-heading-left item-st-default\">\r\n    <div class=\"ct-item--inner\">\r\n        <div class=\"ct-inline-css\" data-css=\"\r\n            \">\r\n        <\/div>\r\n                <h3 class=\"item--title st-default case-animate-time\" data-wow-delay=\"ms\">\r\n                        <span class=\"sp-main\">\r\n                \r\n                WHAT IS THE \u201cCULTURA RISK PROTECTION\u201d PROJECT\r\n                \r\n                            <\/span>\r\n                    <\/h3>\r\n    <\/div>\r\n<\/div>\t\t\t\t<\/div>\n\t\t\t\t<\/div>\n\t\t\t\t<div class=\"elementor-element elementor-element-07d08b9 elementor-widget-divider--view-line elementor-widget elementor-widget-divider\" data-id=\"07d08b9\" data-element_type=\"widget\" data-e-type=\"widget\" data-widget_type=\"divider.default\">\n\t\t\t\t<div class=\"elementor-widget-container\">\n\t\t\t\t\t\t\t<div class=\"elementor-divider\">\n\t\t\t<span class=\"elementor-divider-separator\">\n\t\t\t\t\t\t<\/span>\n\t\t<\/div>\n\t\t\t\t\t\t<\/div>\n\t\t\t\t<\/div>\n\t\t\t\t<div class=\"elementor-element elementor-element-477d998 elementor-widget elementor-widget-text-editor\" data-id=\"477d998\" data-element_type=\"widget\" data-e-type=\"widget\" data-widget_type=\"text-editor.default\">\n\t\t\t\t<div class=\"elementor-widget-container\">\n\t\t\t\t\t\t\t\t\t<p>It is a series of digital interviews designed to disseminate knowledge in the fields of safety and security, and to raise awareness of the \u2018risk prevention culture\u2019.<\/p><p>It is an idea conceived by <a href=\"\/en\/founder\">Marco Ortelli<\/a> and a project by <strong>Marco Ortelli Srl.<\/strong><\/p><p>The #<strong>culturatutelarischi<\/strong> concept is a message that the company wishes to convey as widely as possible to raise awareness amongst an ever-increasing number of people, staff and safety professionals, ensuring that safety conditions are in place, that the equipment used complies with regulations, and that it is used in the most appropriate manner to safeguard people\u2019s lives and the environments in which they work and live.<\/p>\t\t\t\t\t\t\t\t<\/div>\n\t\t\t\t<\/div>\n\t\t\t\t<div class=\"elementor-element elementor-element-dea8fa2 elementor-widget elementor-widget-image\" data-id=\"dea8fa2\" data-element_type=\"widget\" data-e-type=\"widget\" data-widget_type=\"image.default\">\n\t\t\t\t<div class=\"elementor-widget-container\">\n\t\t\t\t\t\t\t\t\t\t\t\t\t\t\t<img fetchpriority=\"high\" decoding=\"async\" width=\"640\" height=\"427\" src=\"https:\/\/marcoortelli.it\/wp-content\/uploads\/2021\/08\/DON05966-1024x683.jpg\" class=\"attachment-large size-large wp-image-8699\" alt=\"\" srcset=\"https:\/\/marcoortelli.it\/wp-content\/uploads\/2021\/08\/DON05966-1024x683.jpg 1024w, https:\/\/marcoortelli.it\/wp-content\/uploads\/2021\/08\/DON05966-300x200.jpg 300w, https:\/\/marcoortelli.it\/wp-content\/uploads\/2021\/08\/DON05966-768x512.jpg 768w, https:\/\/marcoortelli.it\/wp-content\/uploads\/2021\/08\/DON05966-1536x1024.jpg 1536w, https:\/\/marcoortelli.it\/wp-content\/uploads\/2021\/08\/DON05966-2048x1365.jpg 2048w, https:\/\/marcoortelli.it\/wp-content\/uploads\/2021\/08\/DON05966-600x400.jpg 600w\" sizes=\"(max-width: 640px) 100vw, 640px\" \/>\t\t\t\t\t\t\t\t\t\t\t\t\t\t\t<\/div>\n\t\t\t\t<\/div>\n\t\t            <\/div>\n        <\/div>\n                <div class=\"elementor-column elementor-col-50 elementor-top-column elementor-element elementor-element-cd279b9 elementor-invisible\" data-id=\"cd279b9\" data-element_type=\"column\" data-e-type=\"column\" data-settings=\"{&quot;animation&quot;:&quot;rotateInDownLeft&quot;}\">\n        <div class=\"elementor-widget-wrap elementor-element-populated\">\n                    \n        \t\t<div class=\"elementor-element elementor-element-22f292e elementor-widget elementor-widget-ct_heading\" data-id=\"22f292e\" data-element_type=\"widget\" data-e-type=\"widget\" data-widget_type=\"ct_heading.default\">\n\t\t\t\t<div class=\"elementor-widget-container\">\n\t\t\t\t\t<div id=\"ct_heading-22f292e\" class=\"ct-heading h-align-center sub-style1 ct-heading-left item-st-default\">\r\n    <div class=\"ct-item--inner\">\r\n        <div class=\"ct-inline-css\" data-css=\"\r\n            \">\r\n        <\/div>\r\n                <h3 class=\"item--title st-default case-animate-time\" data-wow-delay=\"ms\">\r\n                        <span class=\"sp-main\">\r\n                \r\n                HOW THE PROJECT IS DEVELOPING\r\n                \r\n                            <\/span>\r\n                    <\/h3>\r\n    <\/div>\r\n<\/div>\t\t\t\t<\/div>\n\t\t\t\t<\/div>\n\t\t\t\t<div class=\"elementor-element elementor-element-863fdde elementor-widget-divider--view-line elementor-widget elementor-widget-divider\" data-id=\"863fdde\" data-element_type=\"widget\" data-e-type=\"widget\" data-widget_type=\"divider.default\">\n\t\t\t\t<div class=\"elementor-widget-container\">\n\t\t\t\t\t\t\t<div class=\"elementor-divider\">\n\t\t\t<span class=\"elementor-divider-separator\">\n\t\t\t\t\t\t<\/span>\n\t\t<\/div>\n\t\t\t\t\t\t<\/div>\n\t\t\t\t<\/div>\n\t\t\t\t<div class=\"elementor-element elementor-element-fdbc58d elementor-widget elementor-widget-text-editor\" data-id=\"fdbc58d\" data-element_type=\"widget\" data-e-type=\"widget\" data-widget_type=\"text-editor.default\">\n\t\t\t\t<div class=\"elementor-widget-container\">\n\t\t\t\t\t\t\t\t\t<p>For the time being, this is not just a school of thought, but also a collection of video interviews and in-depth features. The main guests are professionals, health and safety officers and senior figures working in settings where the use of collective protective equipment is necessary and required by regulations. For example, in sectors such as pharmaceuticals, healthcare and industry. Participants take full responsibility for the topics they address and what they say during the interview.<\/p><p>The aim is to bring viewers into our world, one of safety measures, security and useful tools for safeguarding lives and the environment in which we live. We also seek to raise awareness of these safety issues, encouraging people to ask more questions and seek assurances of functionality and suitability, not just because the law requires it, but because it is necessary. In essence, these are conversations with Marco Ortelli on important topics that affect everyone, offering specific insights from within, from those who work in environments requiring protection against chemical risks.<\/p><p>The project\u2019s videos are shared across Marco Ortelli Srl\u2019s digital platforms: Blog, YouTube, LinkedIn, Instagram.<\/p><p>For further information or to put yourself forward as a candidate for interviews, please write to info@marcoortelli.it<\/p>\t\t\t\t\t\t\t\t<\/div>\n\t\t\t\t<\/div>\n\t\t            <\/div>\n        <\/div>\n                    <\/div>\n        <\/section>\n                <section class=\"elementor-section elementor-top-section elementor-element elementor-element-2fc975c elementor-section-boxed elementor-section-height-default elementor-section-height-default ct-header-fixed-none ct-row-max-none\" data-id=\"2fc975c\" data-element_type=\"section\" data-e-type=\"section\">\n            \n                        <div class=\"elementor-container elementor-column-gap-default \">\n                    <div class=\"elementor-column elementor-col-100 elementor-top-column elementor-element elementor-element-c8e60a8\" data-id=\"c8e60a8\" data-element_type=\"column\" data-e-type=\"column\">\n        <div class=\"elementor-widget-wrap elementor-element-populated\">\n                    \n        \t\t<div class=\"elementor-element elementor-element-ef5ea51 elementor-widget elementor-widget-video\" data-id=\"ef5ea51\" data-element_type=\"widget\" data-e-type=\"widget\" data-settings=\"{&quot;youtube_url&quot;:&quot;https:\\\/\\\/www.youtube.com\\\/watch?v=uGj3cZBeWJw&quot;,&quot;video_type&quot;:&quot;youtube&quot;,&quot;controls&quot;:&quot;yes&quot;}\" data-widget_type=\"video.default\">\n\t\t\t\t<div class=\"elementor-widget-container\">\n\t\t\t\t\t\t\t<div class=\"elementor-wrapper elementor-open-inline\">\n\t\t\t<div class=\"elementor-video\"><\/div>\t\t<\/div>\n\t\t\t\t\t\t<\/div>\n\t\t\t\t<\/div>\n\t\t\t\t<div class=\"elementor-element elementor-element-ce10df1 elementor-widget-divider--view-line_icon elementor-view-default elementor-widget-divider--element-align-center elementor-widget elementor-widget-divider\" data-id=\"ce10df1\" data-element_type=\"widget\" data-e-type=\"widget\" data-widget_type=\"divider.default\">\n\t\t\t\t<div class=\"elementor-widget-container\">\n\t\t\t\t\t\t\t<div class=\"elementor-divider\">\n\t\t\t<span class=\"elementor-divider-separator\">\n\t\t\t\t\t\t\t<div class=\"elementor-icon elementor-divider__element\">\n\t\t\t\t\t<i aria-hidden=\"true\" class=\"material zmdi zmdi-assignment-check\"><\/i><\/div>\n\t\t\t\t\t\t<\/span>\n\t\t<\/div>\n\t\t\t\t\t\t<\/div>\n\t\t\t\t<\/div>\n\t\t\t\t<div class=\"elementor-element elementor-element-1b2b845 elementor-widget elementor-widget-ct_heading\" data-id=\"1b2b845\" data-element_type=\"widget\" data-e-type=\"widget\" data-widget_type=\"ct_heading.default\">\n\t\t\t\t<div class=\"elementor-widget-container\">\n\t\t\t\t\t<div id=\"ct_heading-1b2b845\" class=\"ct-heading h-align-center sub-style1 ct-heading-left item-st-default\">\r\n    <div class=\"ct-item--inner\">\r\n        <div class=\"ct-inline-css\" data-css=\"\r\n            \">\r\n        <\/div>\r\n                <h3 class=\"item--title st-default case-animate-time\" data-wow-delay=\"ms\">\r\n                        <span class=\"sp-main\">\r\n                \r\n                FURTHER READING\r\n                \r\n                            <\/span>\r\n                    <\/h3>\r\n    <\/div>\r\n<\/div>\t\t\t\t<\/div>\n\t\t\t\t<\/div>\n\t\t\t\t<div class=\"elementor-element elementor-element-3afc694 elementor-widget elementor-widget-text-editor\" data-id=\"3afc694\" data-element_type=\"widget\" data-e-type=\"widget\" data-widget_type=\"text-editor.default\">\n\t\t\t\t<div class=\"elementor-widget-container\">\n\t\t\t\t\t\t\t\t\t<div class=\"page\" title=\"Page 33\"><div class=\"section\"><div class=\"layoutArea\"><div class=\"column\"><p>You can view the interviews that have already been conducted via this <a href=\"https:\/\/www.youtube.com\/playlist?list=PLvjGO7gePW_JWukBD8YvLbRBqMosE3ChO\">link<\/a><\/p><\/div><\/div><\/div><\/div>\t\t\t\t\t\t\t\t<\/div>\n\t\t\t\t<\/div>\n\t\t            <\/div>\n        <\/div>\n                    <\/div>\n        <\/section>\n                <section class=\"elementor-section elementor-top-section elementor-element elementor-element-ec5a9e2 elementor-section-boxed elementor-section-height-default elementor-section-height-default ct-header-fixed-none ct-row-max-none\" data-id=\"ec5a9e2\" data-element_type=\"section\" data-e-type=\"section\">\n            \n                        <div class=\"elementor-container elementor-column-gap-default \">\n                    <div class=\"elementor-column elementor-col-100 elementor-top-column elementor-element elementor-element-1218ea7\" data-id=\"1218ea7\" data-element_type=\"column\" data-e-type=\"column\">\n        <div class=\"elementor-widget-wrap elementor-element-populated\">\n                    \n        \t\t<div class=\"elementor-element elementor-element-d880be6 elementor-widget elementor-widget-text-editor\" data-id=\"d880be6\" data-element_type=\"widget\" data-e-type=\"widget\" data-widget_type=\"text-editor.default\">\n\t\t\t\t<div class=\"elementor-widget-container\">\n\t\t\t\t\t\t\t\t\t<p>The Marco Ortelli Srl YouTube channel is <a href=\"https:\/\/www.culturatutelarischi.it\">www.culturatutelarischi.it<\/a><\/p>\t\t\t\t\t\t\t\t<\/div>\n\t\t\t\t<\/div>\n\t\t            <\/div>\n        <\/div>\n                    <\/div>\n        <\/section>\n        \t\t<\/div>\n\t\t","protected":false},"excerpt":{"rendered":"<p>Cultura Tutela Rischi is a way of thinking and living; it is a philosophy for us at Marco Ortelli Srl, one that we would like to share with as many people as possible. And now it is also the name of a video collection project, in which safety and protection are discussed in a very [&hellip;]<\/p>\n","protected":false},"author":1,"featured_media":8678,"parent":0,"menu_order":0,"comment_status":"closed","ping_status":"closed","template":"","meta":{"_acf_changed":false,"_exactmetrics_skip_tracking":false,"_exactmetrics_sitenote_active":false,"_exactmetrics_sitenote_note":"","_exactmetrics_sitenote_category":0,"footnotes":""},"class_list":["post-8680","page","type-page","status-publish","has-post-thumbnail","hentry"],"acf":[],"yoast_head":"<!-- This site is optimized with the Yoast SEO plugin v27.1.1 - https:\/\/yoast.com\/product\/yoast-seo-wordpress\/ -->\n<title>Risk Management Culture - Marco Ortelli Srl<\/title>\n<meta name=\"description\" content=\"Cultura Tutela Rischi \u00e8 un modo di pensare e di vivere, \u00e8 una filosofia per noi di Marco Ortelli Srl. Ora \u00e8 anche il nome di un progetto.\" \/>\n<meta name=\"robots\" content=\"index, follow, max-snippet:-1, max-image-preview:large, max-video-preview:-1\" \/>\n<link rel=\"canonical\" href=\"https:\/\/marcoortelli.it\/en\/risk-management-culture\/\" \/>\n<meta property=\"og:locale\" content=\"en_US\" \/>\n<meta property=\"og:type\" content=\"article\" \/>\n<meta property=\"og:title\" content=\"Risk Management Culture - Marco Ortelli Srl\" \/>\n<meta property=\"og:description\" content=\"Cultura Tutela Rischi \u00e8 un modo di pensare e di vivere, \u00e8 una filosofia per noi di Marco Ortelli Srl. Ora \u00e8 anche il nome di un progetto.\" \/>\n<meta property=\"og:url\" content=\"https:\/\/marcoortelli.it\/en\/risk-management-culture\/\" \/>\n<meta property=\"og:site_name\" content=\"Marco Ortelli Srl\" \/>\n<meta property=\"article:modified_time\" content=\"2026-03-26T09:01:42+00:00\" \/>\n<meta property=\"og:image\" content=\"https:\/\/marcoortelli.it\/wp-content\/uploads\/2021\/08\/DON05878-1-scaled.jpg\" \/>\n\t<meta property=\"og:image:width\" content=\"2560\" \/>\n\t<meta property=\"og:image:height\" content=\"1707\" \/>\n\t<meta property=\"og:image:type\" content=\"image\/jpeg\" \/>\n<meta name=\"twitter:card\" content=\"summary_large_image\" \/>\n<meta name=\"twitter:label1\" content=\"Est. reading time\" \/>\n\t<meta name=\"twitter:data1\" content=\"3 minutes\" \/>\n<script type=\"application\/ld+json\" class=\"yoast-schema-graph\">{\"@context\":\"https:\/\/schema.org\",\"@graph\":[{\"@type\":\"WebPage\",\"@id\":\"https:\/\/marcoortelli.it\/en\/risk-management-culture\/\",\"url\":\"https:\/\/marcoortelli.it\/en\/risk-management-culture\/\",\"name\":\"Risk Management Culture - Marco Ortelli Srl\",\"isPartOf\":{\"@id\":\"https:\/\/marcoortelli.it\/en\/#website\"},\"primaryImageOfPage\":{\"@id\":\"https:\/\/marcoortelli.it\/en\/risk-management-culture\/#primaryimage\"},\"image\":{\"@id\":\"https:\/\/marcoortelli.it\/en\/risk-management-culture\/#primaryimage\"},\"thumbnailUrl\":\"https:\/\/marcoortelli.it\/wp-content\/uploads\/2021\/08\/DON05878-1-scaled.jpg\",\"datePublished\":\"2021-07-22T09:25:55+00:00\",\"dateModified\":\"2026-03-26T09:01:42+00:00\",\"description\":\"Cultura Tutela Rischi \u00e8 un modo di pensare e di vivere, \u00e8 una filosofia per noi di Marco Ortelli Srl. Ora \u00e8 anche il nome di un progetto.\",\"breadcrumb\":{\"@id\":\"https:\/\/marcoortelli.it\/en\/risk-management-culture\/#breadcrumb\"},\"inLanguage\":\"en-US\",\"potentialAction\":[{\"@type\":\"ReadAction\",\"target\":[\"https:\/\/marcoortelli.it\/en\/risk-management-culture\/\"]}]},{\"@type\":\"ImageObject\",\"inLanguage\":\"en-US\",\"@id\":\"https:\/\/marcoortelli.it\/en\/risk-management-culture\/#primaryimage\",\"url\":\"https:\/\/marcoortelli.it\/wp-content\/uploads\/2021\/08\/DON05878-1-scaled.jpg\",\"contentUrl\":\"https:\/\/marcoortelli.it\/wp-content\/uploads\/2021\/08\/DON05878-1-scaled.jpg\",\"width\":2560,\"height\":1707},{\"@type\":\"BreadcrumbList\",\"@id\":\"https:\/\/marcoortelli.it\/en\/risk-management-culture\/#breadcrumb\",\"itemListElement\":[{\"@type\":\"ListItem\",\"position\":1,\"name\":\"Home\",\"item\":\"https:\/\/marcoortelli.it\/en\/\"},{\"@type\":\"ListItem\",\"position\":2,\"name\":\"Risk Management Culture\"}]},{\"@type\":\"WebSite\",\"@id\":\"https:\/\/marcoortelli.it\/en\/#website\",\"url\":\"https:\/\/marcoortelli.it\/en\/\",\"name\":\"Marco Ortelli Srl\",\"description\":\"Laboratorio Prove Accreditato e Organo di Ispezione\",\"potentialAction\":[{\"@type\":\"SearchAction\",\"target\":{\"@type\":\"EntryPoint\",\"urlTemplate\":\"https:\/\/marcoortelli.it\/en\/?s={search_term_string}\"},\"query-input\":{\"@type\":\"PropertyValueSpecification\",\"valueRequired\":true,\"valueName\":\"search_term_string\"}}],\"inLanguage\":\"en-US\"}]}<\/script>\n<!-- \/ Yoast SEO plugin. -->","yoast_head_json":{"title":"Risk Management Culture - Marco Ortelli Srl","description":"Cultura Tutela Rischi \u00e8 un modo di pensare e di vivere, \u00e8 una filosofia per noi di Marco Ortelli Srl. Ora \u00e8 anche il nome di un progetto.","robots":{"index":"index","follow":"follow","max-snippet":"max-snippet:-1","max-image-preview":"max-image-preview:large","max-video-preview":"max-video-preview:-1"},"canonical":"https:\/\/marcoortelli.it\/en\/risk-management-culture\/","og_locale":"en_US","og_type":"article","og_title":"Risk Management Culture - Marco Ortelli Srl","og_description":"Cultura Tutela Rischi \u00e8 un modo di pensare e di vivere, \u00e8 una filosofia per noi di Marco Ortelli Srl. Ora \u00e8 anche il nome di un progetto.","og_url":"https:\/\/marcoortelli.it\/en\/risk-management-culture\/","og_site_name":"Marco Ortelli Srl","article_modified_time":"2026-03-26T09:01:42+00:00","og_image":[{"width":2560,"height":1707,"url":"https:\/\/marcoortelli.it\/wp-content\/uploads\/2021\/08\/DON05878-1-scaled.jpg","type":"image\/jpeg"}],"twitter_card":"summary_large_image","twitter_misc":{"Est. reading time":"3 minutes"},"schema":{"@context":"https:\/\/schema.org","@graph":[{"@type":"WebPage","@id":"https:\/\/marcoortelli.it\/en\/risk-management-culture\/","url":"https:\/\/marcoortelli.it\/en\/risk-management-culture\/","name":"Risk Management Culture - Marco Ortelli Srl","isPartOf":{"@id":"https:\/\/marcoortelli.it\/en\/#website"},"primaryImageOfPage":{"@id":"https:\/\/marcoortelli.it\/en\/risk-management-culture\/#primaryimage"},"image":{"@id":"https:\/\/marcoortelli.it\/en\/risk-management-culture\/#primaryimage"},"thumbnailUrl":"https:\/\/marcoortelli.it\/wp-content\/uploads\/2021\/08\/DON05878-1-scaled.jpg","datePublished":"2021-07-22T09:25:55+00:00","dateModified":"2026-03-26T09:01:42+00:00","description":"Cultura Tutela Rischi \u00e8 un modo di pensare e di vivere, \u00e8 una filosofia per noi di Marco Ortelli Srl. Ora \u00e8 anche il nome di un progetto.","breadcrumb":{"@id":"https:\/\/marcoortelli.it\/en\/risk-management-culture\/#breadcrumb"},"inLanguage":"en-US","potentialAction":[{"@type":"ReadAction","target":["https:\/\/marcoortelli.it\/en\/risk-management-culture\/"]}]},{"@type":"ImageObject","inLanguage":"en-US","@id":"https:\/\/marcoortelli.it\/en\/risk-management-culture\/#primaryimage","url":"https:\/\/marcoortelli.it\/wp-content\/uploads\/2021\/08\/DON05878-1-scaled.jpg","contentUrl":"https:\/\/marcoortelli.it\/wp-content\/uploads\/2021\/08\/DON05878-1-scaled.jpg","width":2560,"height":1707},{"@type":"BreadcrumbList","@id":"https:\/\/marcoortelli.it\/en\/risk-management-culture\/#breadcrumb","itemListElement":[{"@type":"ListItem","position":1,"name":"Home","item":"https:\/\/marcoortelli.it\/en\/"},{"@type":"ListItem","position":2,"name":"Risk Management Culture"}]},{"@type":"WebSite","@id":"https:\/\/marcoortelli.it\/en\/#website","url":"https:\/\/marcoortelli.it\/en\/","name":"Marco Ortelli Srl","description":"Laboratorio Prove Accreditato e Organo di Ispezione","potentialAction":[{"@type":"SearchAction","target":{"@type":"EntryPoint","urlTemplate":"https:\/\/marcoortelli.it\/en\/?s={search_term_string}"},"query-input":{"@type":"PropertyValueSpecification","valueRequired":true,"valueName":"search_term_string"}}],"inLanguage":"en-US"}]}},"rttpg_featured_image_url":{"full":["https:\/\/marcoortelli.it\/wp-content\/uploads\/2021\/08\/DON05878-1-scaled.jpg",2560,1707,false],"landscape":["https:\/\/marcoortelli.it\/wp-content\/uploads\/2021\/08\/DON05878-1-scaled.jpg",2560,1707,false],"portraits":["https:\/\/marcoortelli.it\/wp-content\/uploads\/2021\/08\/DON05878-1-scaled.jpg",2560,1707,false],"thumbnail":["https:\/\/marcoortelli.it\/wp-content\/uploads\/2021\/08\/DON05878-1-150x150.jpg",150,150,true],"medium":["https:\/\/marcoortelli.it\/wp-content\/uploads\/2021\/08\/DON05878-1-300x200.jpg",300,200,true],"large":["https:\/\/marcoortelli.it\/wp-content\/uploads\/2021\/08\/DON05878-1-1024x683.jpg",640,427,true],"1536x1536":["https:\/\/marcoortelli.it\/wp-content\/uploads\/2021\/08\/DON05878-1-1536x1024.jpg",1536,1024,true],"2048x2048":["https:\/\/marcoortelli.it\/wp-content\/uploads\/2021\/08\/DON05878-1-2048x1365.jpg",2048,1365,true],"consultio-large":["https:\/\/marcoortelli.it\/wp-content\/uploads\/2021\/08\/DON05878-1-900x313.jpg",870,303,true],"consultio-medium":["https:\/\/marcoortelli.it\/wp-content\/uploads\/2021\/08\/DON05878-1-600x450.jpg",600,450,true],"woocommerce_thumbnail":["https:\/\/marcoortelli.it\/wp-content\/uploads\/2021\/08\/DON05878-1-300x300.jpg",300,300,true],"woocommerce_single":["https:\/\/marcoortelli.it\/wp-content\/uploads\/2021\/08\/DON05878-1-600x400.jpg",600,400,true],"woocommerce_gallery_thumbnail":["https:\/\/marcoortelli.it\/wp-content\/uploads\/2021\/08\/DON05878-1-250x285.jpg",250,285,true],"quick_view_image_size":["https:\/\/marcoortelli.it\/wp-content\/uploads\/2021\/08\/DON05878-1-scaled.jpg",450,300,false]},"rttpg_author":{"display_name":"admin","author_link":"https:\/\/marcoortelli.it\/en\/author\/gestione\/"},"rttpg_comment":0,"rttpg_category":false,"rttpg_excerpt":"Cultura Tutela Rischi is a way of thinking and living; it is a philosophy for us at Marco Ortelli Srl, one that we would like to share with as many people as possible. And now it is also the name of a video collection project, in which safety and protection are discussed in a very&hellip;","_links":{"self":[{"href":"https:\/\/marcoortelli.it\/en\/wp-json\/wp\/v2\/pages\/8680","targetHints":{"allow":["GET"]}}],"collection":[{"href":"https:\/\/marcoortelli.it\/en\/wp-json\/wp\/v2\/pages"}],"about":[{"href":"https:\/\/marcoortelli.it\/en\/wp-json\/wp\/v2\/types\/page"}],"author":[{"embeddable":true,"href":"https:\/\/marcoortelli.it\/en\/wp-json\/wp\/v2\/users\/1"}],"replies":[{"embeddable":true,"href":"https:\/\/marcoortelli.it\/en\/wp-json\/wp\/v2\/comments?post=8680"}],"version-history":[{"count":5,"href":"https:\/\/marcoortelli.it\/en\/wp-json\/wp\/v2\/pages\/8680\/revisions"}],"predecessor-version":[{"id":8777,"href":"https:\/\/marcoortelli.it\/en\/wp-json\/wp\/v2\/pages\/8680\/revisions\/8777"}],"wp:featuredmedia":[{"embeddable":true,"href":"https:\/\/marcoortelli.it\/en\/wp-json\/wp\/v2\/media\/8678"}],"wp:attachment":[{"href":"https:\/\/marcoortelli.it\/en\/wp-json\/wp\/v2\/media?parent=8680"}],"curies":[{"name":"wp","href":"https:\/\/api.w.org\/{rel}","templated":true}]}}